{"id":1918,"date":"2022-12-03T11:27:04","date_gmt":"2022-12-03T11:27:04","guid":{"rendered":"http:\/\/cocreation.jointgenerations.com\/?page_id=1918"},"modified":"2022-12-26T12:03:01","modified_gmt":"2022-12-26T12:03:01","slug":"imprint","status":"publish","type":"page","link":"https:\/\/cocreation.jointgenerations.com\/de\/imprint\/","title":{"rendered":"Impressum"},"content":{"rendered":"<div data-elementor-type=\"wp-page\" data-elementor-id=\"1918\" class=\"elementor elementor-1918\">\n\t\t\t\t\t\t\t\t\t<section data-particle_enable=\"false\" data-particle-mobile-disabled=\"false\" class=\"elementor-section elementor-top-section elementor-element elementor-element-af2877d elementor-section-boxed elementor-section-height-default elementor-section-height-default\" data-id=\"af2877d\" data-element_type=\"section\">\n\t\t\t\t\t\t<div class=\"elementor-container elementor-column-gap-default\">\n\t\t\t\t\t<div class=\"elementor-column elementor-col-100 elementor-top-column elementor-element elementor-element-cbab51c\" data-id=\"cbab51c\" data-element_type=\"column\">\n\t\t\t<div class=\"elementor-widget-wrap elementor-element-populated\">\n\t\t\t\t\t\t\t\t<div class=\"elementor-element elementor-element-a0583b1 elementor-widget elementor-widget-text-editor\" data-id=\"a0583b1\" data-element_type=\"widget\" data-widget_type=\"text-editor.default\">\n\t\t\t\t<div class=\"elementor-widget-container\">\n\t\t\t<style>\/*! elementor - v3.7.5 - 14-09-2022 *\/\n.elementor-widget-text-editor.elementor-drop-cap-view-stacked .elementor-drop-cap{background-color:#818a91;color:#fff}.elementor-widget-text-editor.elementor-drop-cap-view-framed .elementor-drop-cap{color:#818a91;border:3px solid;background-color:transparent}.elementor-widget-text-editor:not(.elementor-drop-cap-view-default) .elementor-drop-cap{margin-top:8px}.elementor-widget-text-editor:not(.elementor-drop-cap-view-default) .elementor-drop-cap-letter{width:1em;height:1em}.elementor-widget-text-editor .elementor-drop-cap{float:left;text-align:center;line-height:1;font-size:50px}.elementor-widget-text-editor .elementor-drop-cap-letter{display:inline-block}<\/style>\t\t\t\t<p><span lang=\"EN-GB\" style=\"font-size: 13.5pt; line-height: 107%;\">JOINT GENERATIONS (gUG i.Gr.)<\/span><\/p><p><span lang=\"EN-GB\" style=\"font-size: 13.5pt; line-height: 107%;\">Dr. Ir\u00e8ne Kilubi<\/span><\/p><p><span lang=\"EN-GB\" style=\"font-size: 13.5pt; line-height: 107%;\">Agnesstrasse 51<\/span><\/p><p><span lang=\"EN-GB\" style=\"font-size: 13.5pt; line-height: 107%;\">80798 M\u00fcnchen<\/span><\/p><p><span lang=\"EN-GB\" style=\"font-size: 13.5pt; line-height: 107%;\">Deutschland<\/span><\/p><p><b><span lang=\"EN-GB\" style=\"font-size: 21pt; line-height: 107%; color: #707070;\">Kontakt<\/span><\/b><span lang=\"EN-GB\" style=\"font-size: 13.5pt; line-height: 107%;\">:<\/span><\/p><p><span style=\"font-size: 13.5pt; line-height: 107%;\">E-Mail: info@jointgenerations.com<\/span><\/p><p><b><span lang=\"EN-GB\" style=\"font-size: 21pt; line-height: 107%; color: #707070;\">Responsible for content according to \u00a75 TMG<\/span><\/b><span lang=\"EN-GB\" style=\"font-size: 13.5pt; line-height: 107%;\">:<\/span><\/p><p><span style=\"font-size: 13.5pt; line-height: 107%;\">Dr. Ir\u00e8ne Kilubi<\/span><\/p><p><span style=\"font-size: 13.5pt; line-height: 107%;\">E-Mail: info@irenekilubi.de<\/span><\/p><p><b><span lang=\"EN-GB\" style=\"font-size: 21pt; line-height: 107%; color: #707070;\">Responsible for content according to \u00a755 RStV (V. i. S. d. P.)<\/span><\/b><\/p><p><span style=\"font-size: 13.5pt; line-height: 107%;\">Dr. Ir\u00e8ne Kilubi<\/span><\/p><p><span style=\"font-size: 13.5pt; line-height: 107%;\">E-Mail: info@irenekilubi.de<\/span><\/p><p><b><span lang=\"EN-GB\" style=\"font-size: 21pt; line-height: 107%; color: #707070;\">Sales tax ID<\/span><\/b><\/p><p><span lang=\"EN-GB\" style=\"font-size: 13.5pt; line-height: 107%;\">Umsatzsteuer-Identifikationsnummer gem\u00e4\u00df \u00a727 a Umsatzsteuergesetz:<\/span><\/p><p><span lang=\"EN-GB\" style=\"font-size: 13.5pt; line-height: 107%;\">DE323261971<\/span><\/p><p><b><span lang=\"EN-GB\" style=\"font-size: 21pt; line-height: 107%; color: #707070;\">Die Europ\u00e4ische Online-Streitbeilegung-Plattform<\/span><\/b><\/p><p style=\"text-align: justify;\"><span lang=\"EN-GB\" style=\"font-size: 13.5pt; line-height: 107%;\">Since February 15, 2016, the EU Commission has provided a platform for out-of-court dispute resolution. As a consumer, this gives you the opportunity to initially resolve disputes in connection with online ordering without the involvement of a court. The dispute resolution platform can be reached under the external link: https:\/\/webgate.ec.europa.eu\/odr\/main\/index.cfm?event=main.adr.show.<\/span><\/p><p><b><span lang=\"EN-GB\" style=\"font-size: 21pt; line-height: 107%; color: #707070;\">Haftung f\u00fcr Inhalte<\/span><\/b><\/p><p style=\"text-align: justify;\"><span lang=\"EN-GB\" style=\"font-size: 13.5pt; line-height: 107%;\">Die Inhalte unserer Seiten wurden mit gr\u00f6\u00dfter Sorgfalt erstellt und nach bestem wissen. Jedoch, wir k\u00f6nnen nicht Gew\u00e4hr f\u00fcr die Richtigkeit, Vollst\u00e4ndigkeit und Aktualit\u00e4t der bereitgestellten Seiten und Inhalte. Als Diensteanbieter sind wir verantwortlich f\u00fcr unsere eigenen Inhalte auf diesen Seiten gem\u00e4\u00df \u00a7 7 Absatz 1 TMG nach den Allgemeinen Gesetzen verantwortlich. Nach \u00a7\u00a7 8 bis 10 TMG sind wir jedoch nicht verpflichtet als Diensteanbieter, um zu \u00fcberwachen, \u00fcbermittelte oder gespeicherte fremde Informationen zu oder nach Umst\u00e4nden zu forschen, die auf eine rechtswidrige T\u00e4tigkeit hinweisen. Verpflichtungen zur Entfernung oder<\/span><\/p><p style=\"text-align: justify;\"><span lang=\"EN-GB\" style=\"font-size: 13.5pt; line-height: 107%;\">Sperrung der Nutzung von Informationen nach den Allgemeinen Gesetzen bleiben hiervon unber\u00fchrt. Allerdings eine diesbez\u00fcgliche Haftung ist jedoch erst ab dem Zeitpunkt, an dem eine konkrete Rechtsverletzung bekannt wird. Bei Bekanntwerden von Rechtsverletzungen entfernen wir die betreffenden Inhalte und links umgehend.<\/span><\/p><p><b><span lang=\"EN-GB\" style=\"font-size: 21pt; line-height: 107%; color: #707070;\">Haftung f\u00fcr links<\/span><\/b><\/p><p style=\"text-align: justify;\"><span lang=\"EN-GB\" style=\"font-size: 13.5pt; line-height: 107%;\">Unser Angebot enth\u00e4lt links zu externen Webseiten Dritter, auf deren Inhalte wir keinen Einfluss haben. Aus diesem Grund \u00fcbernehmen wir keine Haftung f\u00fcr diese Inhalte. Der jeweilige Anbieter oder Betreiber der Seiten ist immer verantwortlich f\u00fcr die Inhalte der verlinkten Seiten. Die verlinkten Seiten wurden auf m\u00f6gliche Rechtsverst\u00f6\u00dfe \u00fcberpr\u00fcft zum Zeitpunkt der Verlinkung nicht erkennbar. Rechtswidrige Inhalte nicht erkennbar waren zum Zeitpunkt der Verlinkung nicht erkennbar. Jedoch, eine dauerhafte Kontrolle der Inhalte der verlinkten Seiten ist jedoch nicht zumutbar ohne konkrete Anhaltspunkte eine Rechtsverletzung. Bei Bekanntwerden von Rechtsverletzungen werden wir derartige links umgehend entfernen.<\/span><\/p><p><b><span lang=\"EN-GB\" style=\"font-size: 21pt; line-height: 107%; color: #707070;\">Copyright<\/span><\/b><\/p><p style=\"text-align: justify;\"><span lang=\"EN-GB\" style=\"font-size: 13.5pt; line-height: 107%;\">Die Inhalte, Werke und Informationen auf der website ver\u00f6ffentlicht sind, unterliegen dem deutschen Urheberrecht. Die Vervielf\u00e4ltigung, Bearbeitung, Verbreitung und jede Art der Verwertung au\u00dferhalb der Grenzen des Urheberrechtes bed\u00fcrfen der SCHRIFTLICHEN Zustimmung des jeweiligen Autors oder Urhebers. Downloads und Kopien dieser Seite sind nur f\u00fcr den privaten, nicht kommerziellen Gebrauch gestattet. Soweit die Inhalte auf dieser Seite nicht vom Betreiber erstellt wurden, werden die Urheberrechte Dritter beachtet. Insbesondere werden Inhalte Dritter als solche gekennzeichnet. Sollten Sie dennoch Kenntnis von einer Urheberrechtsverletzung, bitte informieren Sie uns entsprechend. Bei Bekanntwerden von Rechtsverletzungen werden wir derartige Inhalte umgehend entfernen.<\/span><\/p>\t\t\t\t\t\t<\/div>\n\t\t\t\t<\/div>\n\t\t\t\t\t<\/div>\n\t\t<\/div>\n\t\t\t\t\t\t\t<\/div>\n\t\t<\/section>\n\t\t\t\t\t\t\t<\/div>","protected":false},"excerpt":{"rendered":"<p>JOINT GENERATIONS (gUG i.Gr.) Dr. Ir\u00e8ne Kilubi Agnesstrasse 51 80798 Munich Germany Contact: E-Mail: info@jointgenerations.com Responsible for content according to \u00a75 TMG: Dr. Ir\u00e8ne Kilubi E-Mail: info@irenekilubi.de Responsible for content according to \u00a755 RStV (V. i. S. d. P.) Dr. Ir\u00e8ne Kilubi E-Mail: info@irenekilubi.de Sales tax ID Sales tax identification number according to \u00a727 a &hellip;<\/p>\n<p class=\"read-more\"> <a class=\"\" href=\"https:\/\/cocreation.jointgenerations.com\/de\/imprint\/\"> <span class=\"screen-reader-text\">Impressum<\/span> Weiterlesen &raquo;<\/a><\/p>","protected":false},"author":1,"featured_media":0,"parent":0,"menu_order":0,"comment_status":"closed","ping_status":"closed","template":"elementor_header_footer","meta":{"site-sidebar-layout":"no-sidebar","site-content-layout":"page-builder","ast-global-header-display":"","ast-main-header-display":"","ast-hfb-above-header-display":"","ast-hfb-below-header-display":"","ast-hfb-mobile-header-display":"","site-post-title":"disabled","ast-breadcrumbs-content":"disabled","ast-featured-img":"disabled","footer-sml-layout":"","theme-transparent-header-meta":"enabled","adv-header-id-meta":"","stick-header-meta":"","header-above-stick-meta":"","header-main-stick-meta":"","header-below-stick-meta":"","footnotes":""},"class_list":["post-1918","page","type-page","status-publish","hentry"],"_links":{"self":[{"href":"https:\/\/cocreation.jointgenerations.com\/de\/wp-json\/wp\/v2\/pages\/1918","targetHints":{"allow":["GET"]}}],"collection":[{"href":"https:\/\/cocreation.jointgenerations.com\/de\/wp-json\/wp\/v2\/pages"}],"about":[{"href":"https:\/\/cocreation.jointgenerations.com\/de\/wp-json\/wp\/v2\/types\/page"}],"author":[{"embeddable":true,"href":"https:\/\/cocreation.jointgenerations.com\/de\/wp-json\/wp\/v2\/users\/1"}],"replies":[{"embeddable":true,"href":"https:\/\/cocreation.jointgenerations.com\/de\/wp-json\/wp\/v2\/comments?post=1918"}],"version-history":[{"count":13,"href":"https:\/\/cocreation.jointgenerations.com\/de\/wp-json\/wp\/v2\/pages\/1918\/revisions"}],"predecessor-version":[{"id":2125,"href":"https:\/\/cocreation.jointgenerations.com\/de\/wp-json\/wp\/v2\/pages\/1918\/revisions\/2125"}],"wp:attachment":[{"href":"https:\/\/cocreation.jointgenerations.com\/de\/wp-json\/wp\/v2\/media?parent=1918"}],"curies":[{"name":"wp","href":"https:\/\/api.w.org\/{rel}","templated":true}]}}